{"id":6,"date":"2021-09-20T14:37:16","date_gmt":"2021-09-20T12:37:16","guid":{"rendered":"http:\/\/masarniakaratysz.pl\/?page_id=6"},"modified":"2021-09-22T14:46:42","modified_gmt":"2021-09-22T12:46:42","slug":"masarnia-karatysz","status":"publish","type":"page","link":"https:\/\/masarniakaratysz.pl\/","title":{"rendered":""},"content":{"rendered":"\n<h2 class=\"has-text-align-right wp-block-heading\"><strong>MASARNIA<\/strong><\/h2>\n\n\n\n<p class=\"has-text-align-right\"><strong> DOROTA KARATYSZ MIECZYS\u0141AW KARATYSZ<\/strong><\/p>\n\n\n\n<p class=\"has-text-align-right\"><strong>SP\u00d3\u0141KA JAWNA<\/strong><\/p>\n\n\n\n<p class=\"has-text-align-right\">ul. Stefana Cyraniaka 28<\/p>\n\n\n\n<p class=\"has-text-align-right\">66-300 Mi\u0119dzyrzecz<\/p>\n\n\n\n<p class=\"has-text-align-right\">NIP 5961535696 REGON 210991608<\/p>\n\n\n\n<p class=\"has-text-align-right\">email: biuro@masarniakaratysz.pl<\/p>\n\n\n\n<p class=\"has-text-align-right\">telefon: 95 741 22 77<\/p>\n","protected":false},"excerpt":{"rendered":"<p>MASARNIA DOROTA KARATYSZ MIECZYS\u0141AW KARATYSZ SP\u00d3\u0141KA JAWNA ul. Stefana Cyraniaka 28 66-300 Mi\u0119dzyrzecz NIP 5961535696 REGON 210991608 email: biuro@masarniakaratysz.pl telefon: 95 741 22 77<\/p>\n","protected":false},"author":1,"featured_media":0,"parent":0,"menu_order":0,"comment_status":"closed","ping_status":"closed","template":"","meta":{"footnotes":""},"class_list":["post-6","page","type-page","status-publish","hentry"],"_links":{"self":[{"href":"https:\/\/masarniakaratysz.pl\/index.php\/wp-json\/wp\/v2\/pages\/6","targetHints":{"allow":["GET"]}}],"collection":[{"href":"https:\/\/masarniakaratysz.pl\/index.php\/wp-json\/wp\/v2\/pages"}],"about":[{"href":"https:\/\/masarniakaratysz.pl\/index.php\/wp-json\/wp\/v2\/types\/page"}],"author":[{"embeddable":true,"href":"https:\/\/masarniakaratysz.pl\/index.php\/wp-json\/wp\/v2\/users\/1"}],"replies":[{"embeddable":true,"href":"https:\/\/masarniakaratysz.pl\/index.php\/wp-json\/wp\/v2\/comments?post=6"}],"version-history":[{"count":6,"href":"https:\/\/masarniakaratysz.pl\/index.php\/wp-json\/wp\/v2\/pages\/6\/revisions"}],"predecessor-version":[{"id":34,"href":"https:\/\/masarniakaratysz.pl\/index.php\/wp-json\/wp\/v2\/pages\/6\/revisions\/34"}],"wp:attachment":[{"href":"https:\/\/masarniakaratysz.pl\/index.php\/wp-json\/wp\/v2\/media?parent=6"}],"curies":[{"name":"wp","href":"https:\/\/api.w.org\/{rel}","templated":true}]}}